{"id":104,"date":"2023-01-12T16:26:34","date_gmt":"2023-01-12T14:26:34","guid":{"rendered":"http:\/\/reses-argumenta.fi\/?page_id=104"},"modified":"2025-02-23T13:32:07","modified_gmt":"2025-02-23T11:32:07","slug":"people","status":"publish","type":"page","link":"https:\/\/reses-argumenta.fi\/?page_id=104","title":{"rendered":"People"},"content":{"rendered":"\n<p><\/p>\n\n\n\n<p><\/p>\n\n\n<h2 style=\"font-size:clamp(0.929rem, 0.929rem + ((1vw - 0.2rem) * 0.856), 1.4rem);font-style:normal;font-weight:700;\" class=\"wp-block-post-title has-inter-font-family\">People<\/h2>\n\n\n<figure class=\"wp-block-image alignleft size-full is-resized\"><img loading=\"lazy\" decoding=\"async\" width=\"421\" height=\"526\" src=\"https:\/\/reses-argumenta.fi\/wp-content\/uploads\/2025\/01\/782e074f-1cd8-4db7-a50e-5822b214e810.jpeg\" alt=\"\" class=\"wp-image-1128\" style=\"width:131px;height:auto\" srcset=\"https:\/\/reses-argumenta.fi\/wp-content\/uploads\/2025\/01\/782e074f-1cd8-4db7-a50e-5822b214e810.jpeg 421w, https:\/\/reses-argumenta.fi\/wp-content\/uploads\/2025\/01\/782e074f-1cd8-4db7-a50e-5822b214e810-240x300.jpeg 240w\" sizes=\"auto, (max-width: 421px) 100vw, 421px\" \/><\/figure>\n\n\n\n<p>\ud83d\udc4b Hi, I\u2019m <a href=\"https:\/\/neaydinonat.com\/\">N. Emrah Aydinonat<\/a> !<\/p>\n\n\n\n<p>I\u2019m a philosopher of economics at the University of Helsinki and one of the Chief Editors of the Journal of Economic Methodology. I\u2019m passionate about exploring how economic thinking shapes our world, with a particular focus on models, institutions, and their real-world impact. <\/p>\n\n\n\n<p>I lead the ReSES project and currently serve as the sole organiser of ReSES events. <\/p>\n\n\n\n<p>The ReSES project began with a fantastic team and support from the Finnish Cultural Foundation (2023 &amp; 2024). Thanks to the contributions of all its members, ReSES quickly gained recognition as a well-known project, with its events enjoying consistent popularity ever since. I must especially highlight two individuals whose work has been crucial to the project&#8217;s success: Anita V\u00e4likangas (project coordinator, 2023) and Jessica North (communications &amp; visual design, 2023). Their dedication, hard work as well as intellectual input have been key to making ReSES what it is today.<\/p>\n\n\n\n<p><\/p>\n\n\n\n<hr class=\"wp-block-separator has-alpha-channel-opacity\"\/>\n\n\n\n<h3 class=\"wp-block-heading\">Project team 2023-24<\/h3>\n\n\n\n<div class=\"wp-block-columns is-layout-flex wp-container-core-columns-is-layout-28f84493 wp-block-columns-is-layout-flex\">\n<div class=\"wp-block-column is-layout-flow wp-block-column-is-layout-flow\">\n<p><strong>N. Emrah Aydinonat<\/strong><br><em>Project leader<\/em>,<br><em>Docent<\/em><br>University of Helsinki \/ Practical philosophy <br>&amp; TINT <br><a href=\"https:\/\/bsky.app\/profile\/aydinonat.bsky.social\" target=\"_blank\" rel=\"noreferrer noopener\">@aydinonat<\/a><br><a href=\"https:\/\/neaydinonat.com\/\">Website&nbsp;<\/a><\/p>\n<\/div>\n\n\n\n<div class=\"wp-block-column is-layout-flow wp-block-column-is-layout-flow\">\n<p><strong>Anita V\u00e4likangas<\/strong><br><em>Project coordinator<\/em>,<br><em>Doctoral researcher<\/em><br>University of Helsinki \/ Practical philosophy <br>&amp; TINT<br><a href=\"https:\/\/researchportal.helsinki.fi\/fi\/persons\/anita-v%C3%A4likangas\" target=\"_blank\" rel=\"noreferrer noopener\">Website<\/a><br><strong><em><a href=\"https:\/\/www.kasvisannos.fi\">Blog<\/a><\/em><\/strong><\/p>\n<\/div>\n\n\n\n<div class=\"wp-block-column is-layout-flow wp-block-column-is-layout-flow\">\n<p><strong>Jessica North<\/strong><br><em>Communications,<\/em><br><em>visual design <\/em><br>University of Helsinki \/ Practical philosophy <br>&amp; TINT<br><a href=\"https:\/\/jessicanorth.fi\/\" target=\"_blank\" rel=\"noreferrer noopener\">Website<\/a><\/p>\n<\/div>\n<\/div>\n\n\n\n<div class=\"wp-block-columns is-layout-flex wp-container-core-columns-is-layout-28f84493 wp-block-columns-is-layout-flex\">\n<div class=\"wp-block-column is-layout-flow wp-block-column-is-layout-flow\">\n<p><strong>Uskali M\u00e4ki<\/strong><br><em>Professor<\/em><br>University of Helsinki \/ Practical philosophy<br>&amp; TINT<br><a href=\"https:\/\/researchportal.helsinki.fi\/en\/persons\/uskali-m%C3%A4ki\">Website<\/a><\/p>\n<\/div>\n\n\n\n<div class=\"wp-block-column is-layout-flow wp-block-column-is-layout-flow\">\n<p><strong>Sofia Blanco Sequeiros&nbsp;<\/strong><br><em>Doctoral researcher<\/em><br>University of Helsinki \/ Practical philosophy<br>&amp; TINT&nbsp;<strong><em><br><a rel=\"noreferrer noopener\" href=\"https:\/\/twitter.com\/sofia_blancos\" target=\"_blank\">@sofia_blancos<\/a><\/em><\/strong><br><a rel=\"noreferrer noopener\" href=\"https:\/\/researchportal.helsinki.fi\/fi\/persons\/sofia-blanco-sequeiros\" target=\"_blank\">Website<\/a><\/p>\n<\/div>\n\n\n\n<div class=\"wp-block-column is-layout-flow wp-block-column-is-layout-flow\">\n<p><strong>Rachel Gisselquist&nbsp;<\/strong><br><em>Senior research fellow<\/em><br>UNU-Wider<br><a rel=\"noreferrer noopener\" href=\"http:\/\/twitter.com\/@RGisselquist\" target=\"_blank\">@RGisselquist<\/a>&nbsp;<br><a href=\"http:\/\/www.rachelgisselquist.com\/\">Website<\/a><br><\/p>\n<\/div>\n<\/div>\n\n\n\n<div class=\"wp-block-columns is-layout-flex wp-container-core-columns-is-layout-28f84493 wp-block-columns-is-layout-flex\">\n<div class=\"wp-block-column is-layout-flow wp-block-column-is-layout-flow\">\n<p><strong>Lari Hokkanen<\/strong><br><em>Research coordinator<\/em><br>Demos Helsinki<br><a href=\"https:\/\/twitter.com\/adhockanen\">@adhockanen&nbsp;<\/a><br><a rel=\"noreferrer noopener\" href=\"https:\/\/demoshelsinki.fi\/fi\/ihmiset\/lari-hokkanen-2\/\" target=\"_blank\">Website<\/a><\/p>\n<\/div>\n\n\n\n<div class=\"wp-block-column is-layout-flow wp-block-column-is-layout-flow\">\n<p><strong>Timo H\u00e4m\u00e4l\u00e4inen&nbsp;<\/strong><br>Leading specialist<br>SITRA<br><a rel=\"noreferrer noopener\" href=\"https:\/\/www.sitra.fi\/ihmiset\/timo-hamalainen\/\" target=\"_blank\">Website<\/a><br><\/p>\n<\/div>\n\n\n\n<div class=\"wp-block-column is-layout-flow wp-block-column-is-layout-flow\">\n<p><strong>Markus J\u00e4ntti&nbsp;<\/strong><br><em>Professor<\/em><br>Stockholm university, <br>Swedish institute for social research<br><a rel=\"noreferrer noopener\" href=\"https:\/\/www.su.se\/english\/profiles\/marj-1.186349?open-collapse-boxes=research-publications\" target=\"_blank\">Website<\/a><\/p>\n<\/div>\n<\/div>\n\n\n\n<div class=\"wp-block-columns is-layout-flex wp-container-core-columns-is-layout-28f84493 wp-block-columns-is-layout-flex\">\n<div class=\"wp-block-column is-layout-flow wp-block-column-is-layout-flow\">\n<p><strong>Jaakko Kuosmanen<\/strong><br><em>Academy secretary<\/em><br>Finnish academy of Science and Letters<strong>&nbsp;<\/strong><\/p>\n<\/div>\n\n\n\n<div class=\"wp-block-column is-layout-flow wp-block-column-is-layout-flow\">\n<p><strong>Teemu Lari&nbsp;<\/strong><br><em>Doctoral researcher<\/em><br>University of Helsinki \/ Practical philosophy<br>&amp; TINT&nbsp;<br><a rel=\"noreferrer noopener\" href=\"https:\/\/researchportal.helsinki.fi\/fi\/persons\/teemu-lari\" target=\"_blank\">Website<\/a><br><a rel=\"noreferrer noopener\" href=\"https:\/\/twitter.com\/TeemuLari\" target=\"_blank\">@TeemuLari<\/a><br><\/p>\n<\/div>\n\n\n\n<div class=\"wp-block-column is-layout-flow wp-block-column-is-layout-flow\">\n<p><strong>Erkki Mervaala&nbsp;&nbsp;<\/strong><br><em>Researcher<\/em><br>Finnish Environmental Institute<br><a rel=\"noreferrer noopener\" href=\"https:\/\/www.syke.fi\/fi-FI\/Asiantuntijat\/Erkki_Mervaala(58938)\" target=\"_blank\">Website<\/a><br><a href=\"https:\/\/twitter.com\/mervaala\">@mervaala<\/a><\/p>\n<\/div>\n<\/div>\n\n\n\n<div class=\"wp-block-columns is-layout-flex wp-container-core-columns-is-layout-28f84493 wp-block-columns-is-layout-flex\">\n<div class=\"wp-block-column is-layout-flow wp-block-column-is-layout-flow\">\n<p><strong>Mika Pantzar&nbsp;&nbsp;<\/strong><br><em>Professori<\/em><br>University of Helsinki \/<br>Center for Consumer Society Research<br><a rel=\"noreferrer noopener\" href=\"https:\/\/www.helsinki.fi\/en\/about-us\/people\/people-finder\/mika-pantzar-9014302\" target=\"_blank\">Website<\/a><\/p>\n<\/div>\n\n\n\n<div class=\"wp-block-column is-layout-flow wp-block-column-is-layout-flow\">\n<p><strong>Ville-Pekka Sorsa&nbsp;<\/strong><br><em>Research director <br><\/em>University of Helsinki \/ <br>Uhealth<br><a rel=\"noreferrer noopener\" href=\"https:\/\/researchportal.helsinki.fi\/fi\/persons\/ville-pekka-sorsa\" target=\"_blank\">Website<\/a><br><a rel=\"noreferrer noopener\" href=\"https:\/\/twitter.com\/vpsorsa\" target=\"_blank\">@vpsorsa<\/a><br><br><\/p>\n<\/div>\n\n\n\n<div class=\"wp-block-column is-layout-flow wp-block-column-is-layout-flow\">\n<p><strong>Hannu Vartiainen&nbsp;<\/strong><br><em>Professor<\/em><br>University of Helsinki \/<br>Economics &amp; Helsinki GSE<br><a href=\"https:\/\/researchportal.helsinki.fi\/fi\/persons\/hannu-vartiainen\">Website<\/a><br><a rel=\"noreferrer noopener\" href=\"https:\/\/twitter.com\/h_vartiainen\" target=\"_blank\">@h_vartiainen<\/a><\/p>\n<\/div>\n<\/div>\n\n\n\n<div class=\"wp-block-columns is-layout-flex wp-container-core-columns-is-layout-28f84493 wp-block-columns-is-layout-flex\">\n<div class=\"wp-block-column is-layout-flow wp-block-column-is-layout-flow\">\n<p><strong>Hanna Yl\u00f6stalo<\/strong><br><em>Senior lecturer<\/em><br>University of Turku \/ <br>Sociology<strong>&nbsp;<\/strong><br><a href=\"https:\/\/hannaylostalo.wordpress.com\/\">Website<\/a><br><a rel=\"noreferrer noopener\" href=\"https:\/\/twitter.com\/ylostalohanna\" target=\"_blank\">@ylostalohanna<\/a><br><\/p>\n<\/div>\n<\/div>\n\n\n\n<p>&nbsp;&nbsp;<\/p>\n","protected":false},"excerpt":{"rendered":"<p>\ud83d\udc4b Hi, I\u2019m N. Emrah Aydinonat ! I\u2019m a philosopher of economics at the University of Helsinki and one of the Chief Editors of the Journal of Economic Methodology. I\u2019m passionate about exploring how economic thinking shapes our world, with a particular focus on models, institutions, and their real-world impact. I lead the ReSES project [&hellip;]<\/p>\n","protected":false},"author":1,"featured_media":0,"parent":0,"menu_order":0,"comment_status":"closed","ping_status":"closed","template":"","meta":{"jetpack_post_was_ever_published":false,"footnotes":""},"class_list":["post-104","page","type-page","status-publish","hentry"],"jetpack_sharing_enabled":true,"_links":{"self":[{"href":"https:\/\/reses-argumenta.fi\/index.php?rest_route=\/wp\/v2\/pages\/104","targetHints":{"allow":["GET"]}}],"collection":[{"href":"https:\/\/reses-argumenta.fi\/index.php?rest_route=\/wp\/v2\/pages"}],"about":[{"href":"https:\/\/reses-argumenta.fi\/index.php?rest_route=\/wp\/v2\/types\/page"}],"author":[{"embeddable":true,"href":"https:\/\/reses-argumenta.fi\/index.php?rest_route=\/wp\/v2\/users\/1"}],"replies":[{"embeddable":true,"href":"https:\/\/reses-argumenta.fi\/index.php?rest_route=%2Fwp%2Fv2%2Fcomments&post=104"}],"version-history":[{"count":25,"href":"https:\/\/reses-argumenta.fi\/index.php?rest_route=\/wp\/v2\/pages\/104\/revisions"}],"predecessor-version":[{"id":1191,"href":"https:\/\/reses-argumenta.fi\/index.php?rest_route=\/wp\/v2\/pages\/104\/revisions\/1191"}],"wp:attachment":[{"href":"https:\/\/reses-argumenta.fi\/index.php?rest_route=%2Fwp%2Fv2%2Fmedia&parent=104"}],"curies":[{"name":"wp","href":"https:\/\/api.w.org\/{rel}","templated":true}]}}